{"id":2629,"date":"2024-07-31T16:46:08","date_gmt":"2024-07-31T14:46:08","guid":{"rendered":"https:\/\/oq3rebjzpa.preview.infomaniak.website\/?page_id=2629"},"modified":"2024-08-09T09:47:16","modified_gmt":"2024-08-09T07:47:16","slug":"news-events","status":"publish","type":"page","link":"https:\/\/alaia.ch\/hostel\/news-events\/","title":{"rendered":"Nouveaut\u00e9s &#038; \u00e9v\u00e9nements"},"content":{"rendered":"","protected":false},"excerpt":{"rendered":"","protected":false},"author":1,"featured_media":0,"parent":0,"menu_order":0,"comment_status":"closed","ping_status":"closed","template":"page-content.php","meta":{"_acf_changed":false,"footnotes":""},"class_list":["post-2629","page","type-page","status-publish","hentry","entry"],"acf":[],"_links":{"self":[{"href":"https:\/\/alaia.ch\/hostel\/wp-json\/wp\/v2\/pages\/2629","targetHints":{"allow":["GET"]}}],"collection":[{"href":"https:\/\/alaia.ch\/hostel\/wp-json\/wp\/v2\/pages"}],"about":[{"href":"https:\/\/alaia.ch\/hostel\/wp-json\/wp\/v2\/types\/page"}],"author":[{"embeddable":true,"href":"https:\/\/alaia.ch\/hostel\/wp-json\/wp\/v2\/users\/1"}],"replies":[{"embeddable":true,"href":"https:\/\/alaia.ch\/hostel\/wp-json\/wp\/v2\/comments?post=2629"}],"version-history":[{"count":2,"href":"https:\/\/alaia.ch\/hostel\/wp-json\/wp\/v2\/pages\/2629\/revisions"}],"predecessor-version":[{"id":2631,"href":"https:\/\/alaia.ch\/hostel\/wp-json\/wp\/v2\/pages\/2629\/revisions\/2631"}],"wp:attachment":[{"href":"https:\/\/alaia.ch\/hostel\/wp-json\/wp\/v2\/media?parent=2629"}],"curies":[{"name":"wp","href":"https:\/\/api.w.org\/{rel}","templated":true}]}}