{"id":368,"date":"2024-10-11T10:08:05","date_gmt":"2024-10-11T08:08:05","guid":{"rendered":"https:\/\/oq3reblmik.preview.infomaniak.website\/?page_id=368"},"modified":"2026-01-08T10:11:33","modified_gmt":"2026-01-08T09:11:33","slug":"activites","status":"publish","type":"page","link":"https:\/\/alaia.ch\/club\/activites\/","title":{"rendered":"Activit\u00e9s"},"content":{"rendered":"","protected":false},"excerpt":{"rendered":"","protected":false},"author":1,"featured_media":0,"parent":0,"menu_order":0,"comment_status":"closed","ping_status":"closed","template":"page-content.php","meta":{"_acf_changed":false,"footnotes":""},"class_list":["post-368","page","type-page","status-publish","hentry","entry"],"acf":[],"yoast_head":"<!-- This site is optimized with the Yoast SEO plugin v27.3 - https:\/\/yoast.com\/product\/yoast-seo-wordpress\/ -->\n<title>Activit\u00e9s - Ala\u00efa Club<\/title>\n<meta name=\"description\" content=\"Ala\u00efa Club propose padel indoor, skatepark ext\u00e9rieur, trampoline park et espace arcade \u00e0 Crans-Montana et Lens. Une offre sport &amp; loisirs compl\u00e8te, pens\u00e9e pour le jeu, la progression et le plaisir, pour tous les \u00e2ges.\" \/>\n<meta name=\"robots\" content=\"index, follow, max-snippet:-1, max-image-preview:large, max-video-preview:-1\" \/>\n<link rel=\"canonical\" href=\"https:\/\/alaia.ch\/club\/activites\/\" \/>\n<meta property=\"og:locale\" content=\"fr_FR\" \/>\n<meta property=\"og:type\" content=\"article\" \/>\n<meta property=\"og:title\" content=\"Activit\u00e9s - Ala\u00efa Club\" \/>\n<meta property=\"og:description\" content=\"Ala\u00efa Club propose padel indoor, skatepark ext\u00e9rieur, trampoline park et espace arcade \u00e0 Crans-Montana et Lens. Une offre sport &amp; loisirs compl\u00e8te, pens\u00e9e pour le jeu, la progression et le plaisir, pour tous les \u00e2ges.\" \/>\n<meta property=\"og:url\" content=\"https:\/\/alaia.ch\/club\/activites\/\" \/>\n<meta property=\"og:site_name\" content=\"Ala\u00efa Club\" \/>\n<meta property=\"article:modified_time\" content=\"2026-01-08T09:11:33+00:00\" \/>\n<meta property=\"og:image\" content=\"https:\/\/alaia.ch\/club\/wp-content\/uploads\/2025\/11\/alaiaclub.png\" \/>\n\t<meta property=\"og:image:width\" content=\"100\" \/>\n\t<meta property=\"og:image:height\" content=\"98\" \/>\n\t<meta property=\"og:image:type\" content=\"image\/png\" \/>\n<meta name=\"twitter:card\" content=\"summary_large_image\" \/>\n<script type=\"application\/ld+json\" class=\"yoast-schema-graph\">{\"@context\":\"https:\\\/\\\/schema.org\",\"@graph\":[{\"@type\":\"WebPage\",\"@id\":\"https:\\\/\\\/alaia.ch\\\/club\\\/activites\\\/\",\"url\":\"https:\\\/\\\/alaia.ch\\\/club\\\/activites\\\/\",\"name\":\"Activit\u00e9s - Ala\u00efa Club\",\"isPartOf\":{\"@id\":\"https:\\\/\\\/alaia.ch\\\/club\\\/#website\"},\"datePublished\":\"2024-10-11T08:08:05+00:00\",\"dateModified\":\"2026-01-08T09:11:33+00:00\",\"description\":\"Ala\u00efa Club propose padel indoor, skatepark ext\u00e9rieur, trampoline park et espace arcade \u00e0 Crans-Montana et Lens. Une offre sport & loisirs compl\u00e8te, pens\u00e9e pour le jeu, la progression et le plaisir, pour tous les \u00e2ges.\",\"breadcrumb\":{\"@id\":\"https:\\\/\\\/alaia.ch\\\/club\\\/activites\\\/#breadcrumb\"},\"inLanguage\":\"fr-FR\",\"potentialAction\":[{\"@type\":\"ReadAction\",\"target\":[\"https:\\\/\\\/alaia.ch\\\/club\\\/activites\\\/\"]}]},{\"@type\":\"BreadcrumbList\",\"@id\":\"https:\\\/\\\/alaia.ch\\\/club\\\/activites\\\/#breadcrumb\",\"itemListElement\":[{\"@type\":\"ListItem\",\"position\":1,\"name\":\"Home\",\"item\":\"https:\\\/\\\/alaia.ch\\\/club\\\/\"},{\"@type\":\"ListItem\",\"position\":2,\"name\":\"Activit\u00e9s\"}]},{\"@type\":\"WebSite\",\"@id\":\"https:\\\/\\\/alaia.ch\\\/club\\\/#website\",\"url\":\"https:\\\/\\\/alaia.ch\\\/club\\\/\",\"name\":\"Ala\u00efa Club\",\"description\":\"Grab your gear and come play with us.\",\"publisher\":{\"@id\":\"https:\\\/\\\/alaia.ch\\\/club\\\/#organization\"},\"potentialAction\":[{\"@type\":\"SearchAction\",\"target\":{\"@type\":\"EntryPoint\",\"urlTemplate\":\"https:\\\/\\\/alaia.ch\\\/club\\\/?s={search_term_string}\"},\"query-input\":{\"@type\":\"PropertyValueSpecification\",\"valueRequired\":true,\"valueName\":\"search_term_string\"}}],\"inLanguage\":\"fr-FR\"},{\"@type\":\"Organization\",\"@id\":\"https:\\\/\\\/alaia.ch\\\/club\\\/#organization\",\"name\":\"Ala\u00efa Club\",\"url\":\"https:\\\/\\\/alaia.ch\\\/club\\\/\",\"logo\":{\"@type\":\"ImageObject\",\"inLanguage\":\"fr-FR\",\"@id\":\"https:\\\/\\\/alaia.ch\\\/club\\\/#\\\/schema\\\/logo\\\/image\\\/\",\"url\":\"https:\\\/\\\/alaia.ch\\\/club\\\/wp-content\\\/uploads\\\/2025\\\/11\\\/alaiaclub.png\",\"contentUrl\":\"https:\\\/\\\/alaia.ch\\\/club\\\/wp-content\\\/uploads\\\/2025\\\/11\\\/alaiaclub.png\",\"width\":100,\"height\":98,\"caption\":\"Ala\u00efa Club\"},\"image\":{\"@id\":\"https:\\\/\\\/alaia.ch\\\/club\\\/#\\\/schema\\\/logo\\\/image\\\/\"}}]}<\/script>\n<!-- \/ Yoast SEO plugin. -->","yoast_head_json":{"title":"Activit\u00e9s - Ala\u00efa Club","description":"Ala\u00efa Club propose padel indoor, skatepark ext\u00e9rieur, trampoline park et espace arcade \u00e0 Crans-Montana et Lens. Une offre sport & loisirs compl\u00e8te, pens\u00e9e pour le jeu, la progression et le plaisir, pour tous les \u00e2ges.","robots":{"index":"index","follow":"follow","max-snippet":"max-snippet:-1","max-image-preview":"max-image-preview:large","max-video-preview":"max-video-preview:-1"},"canonical":"https:\/\/alaia.ch\/club\/activites\/","og_locale":"fr_FR","og_type":"article","og_title":"Activit\u00e9s - Ala\u00efa Club","og_description":"Ala\u00efa Club propose padel indoor, skatepark ext\u00e9rieur, trampoline park et espace arcade \u00e0 Crans-Montana et Lens. Une offre sport & loisirs compl\u00e8te, pens\u00e9e pour le jeu, la progression et le plaisir, pour tous les \u00e2ges.","og_url":"https:\/\/alaia.ch\/club\/activites\/","og_site_name":"Ala\u00efa Club","article_modified_time":"2026-01-08T09:11:33+00:00","og_image":[{"width":100,"height":98,"url":"https:\/\/alaia.ch\/club\/wp-content\/uploads\/2025\/11\/alaiaclub.png","type":"image\/png"}],"twitter_card":"summary_large_image","schema":{"@context":"https:\/\/schema.org","@graph":[{"@type":"WebPage","@id":"https:\/\/alaia.ch\/club\/activites\/","url":"https:\/\/alaia.ch\/club\/activites\/","name":"Activit\u00e9s - Ala\u00efa Club","isPartOf":{"@id":"https:\/\/alaia.ch\/club\/#website"},"datePublished":"2024-10-11T08:08:05+00:00","dateModified":"2026-01-08T09:11:33+00:00","description":"Ala\u00efa Club propose padel indoor, skatepark ext\u00e9rieur, trampoline park et espace arcade \u00e0 Crans-Montana et Lens. Une offre sport & loisirs compl\u00e8te, pens\u00e9e pour le jeu, la progression et le plaisir, pour tous les \u00e2ges.","breadcrumb":{"@id":"https:\/\/alaia.ch\/club\/activites\/#breadcrumb"},"inLanguage":"fr-FR","potentialAction":[{"@type":"ReadAction","target":["https:\/\/alaia.ch\/club\/activites\/"]}]},{"@type":"BreadcrumbList","@id":"https:\/\/alaia.ch\/club\/activites\/#breadcrumb","itemListElement":[{"@type":"ListItem","position":1,"name":"Home","item":"https:\/\/alaia.ch\/club\/"},{"@type":"ListItem","position":2,"name":"Activit\u00e9s"}]},{"@type":"WebSite","@id":"https:\/\/alaia.ch\/club\/#website","url":"https:\/\/alaia.ch\/club\/","name":"Ala\u00efa Club","description":"Grab your gear and come play with us.","publisher":{"@id":"https:\/\/alaia.ch\/club\/#organization"},"potentialAction":[{"@type":"SearchAction","target":{"@type":"EntryPoint","urlTemplate":"https:\/\/alaia.ch\/club\/?s={search_term_string}"},"query-input":{"@type":"PropertyValueSpecification","valueRequired":true,"valueName":"search_term_string"}}],"inLanguage":"fr-FR"},{"@type":"Organization","@id":"https:\/\/alaia.ch\/club\/#organization","name":"Ala\u00efa Club","url":"https:\/\/alaia.ch\/club\/","logo":{"@type":"ImageObject","inLanguage":"fr-FR","@id":"https:\/\/alaia.ch\/club\/#\/schema\/logo\/image\/","url":"https:\/\/alaia.ch\/club\/wp-content\/uploads\/2025\/11\/alaiaclub.png","contentUrl":"https:\/\/alaia.ch\/club\/wp-content\/uploads\/2025\/11\/alaiaclub.png","width":100,"height":98,"caption":"Ala\u00efa Club"},"image":{"@id":"https:\/\/alaia.ch\/club\/#\/schema\/logo\/image\/"}}]}},"_links":{"self":[{"href":"https:\/\/alaia.ch\/club\/wp-json\/wp\/v2\/pages\/368","targetHints":{"allow":["GET"]}}],"collection":[{"href":"https:\/\/alaia.ch\/club\/wp-json\/wp\/v2\/pages"}],"about":[{"href":"https:\/\/alaia.ch\/club\/wp-json\/wp\/v2\/types\/page"}],"author":[{"embeddable":true,"href":"https:\/\/alaia.ch\/club\/wp-json\/wp\/v2\/users\/1"}],"replies":[{"embeddable":true,"href":"https:\/\/alaia.ch\/club\/wp-json\/wp\/v2\/comments?post=368"}],"version-history":[{"count":39,"href":"https:\/\/alaia.ch\/club\/wp-json\/wp\/v2\/pages\/368\/revisions"}],"predecessor-version":[{"id":1484,"href":"https:\/\/alaia.ch\/club\/wp-json\/wp\/v2\/pages\/368\/revisions\/1484"}],"wp:attachment":[{"href":"https:\/\/alaia.ch\/club\/wp-json\/wp\/v2\/media?parent=368"}],"curies":[{"name":"wp","href":"https:\/\/api.w.org\/{rel}","templated":true}]}}